{"id":1882,"date":"2024-10-26T02:20:34","date_gmt":"2024-10-26T00:20:34","guid":{"rendered":"https:\/\/tropicalbaylivefish.com\/?post_type=product&#038;p=1882"},"modified":"2025-08-10T22:27:40","modified_gmt":"2025-08-10T20:27:40","slug":"frame-scallop","status":"publish","type":"product","link":"https:\/\/tropicalbaylivefishrd.com\/en\/producto\/frame-scallop\/","title":{"rendered":"Frame Scallop"},"content":{"rendered":"<p>El Flame Cardinal es un pez de aguas tranquilas ideal para ambientes con luz tenue. Su comportamiento pac\u00edfico lo hace un excelente compa\u00f1ero para otras especies no agresivas. Es conocido por su distintiva mancha negra en la cola y su cuerpo rojizo. Este pez, a diferencia de otros, es un nadador que prefiere moverse lentamente.<\/p>","protected":false},"excerpt":{"rendered":"<p>Un pez de car\u00e1cter sereno que destaca por su coloraci\u00f3n rojiza y su distintiva mancha oscura en la base de la aleta caudal. Es una adici\u00f3n tranquila y elegante para cualquier acuario.<\/p>","protected":false},"featured_media":1883,"comment_status":"open","ping_status":"closed","template":"","meta":{"_uag_custom_page_level_css":"","site-sidebar-layout":"default","site-content-layout":"","ast-site-content-layout":"default","site-content-style":"default","site-sidebar-style":"default","ast-global-header-display":"","ast-banner-title-visibility":"","ast-main-header-display":"","ast-hfb-above-header-display":"","ast-hfb-below-header-display":"","ast-hfb-mobile-header-display":"","site-post-title":"","ast-breadcrumbs-content":"","ast-featured-img":"","footer-sml-layout":"","theme-transparent-header-meta":"","adv-header-id-meta":"","stick-header-meta":"","header-above-stick-meta":"","header-main-stick-meta":"","header-below-stick-meta":"","astra-migrate-meta-layouts":"default","ast-page-background-enabled":"default","ast-page-background-meta":{"desktop":{"background-color":"var(--ast-global-color-4)","background-image":"","background-repeat":"repeat","background-position":"center center","background-size":"auto","background-attachment":"scroll","background-type":"","background-media":"","overlay-type":"","overlay-color":"","overlay-opacity":"","overlay-gradient":""},"tablet":{"background-color":"","background-image":"","background-repeat":"repeat","background-position":"center center","background-size":"auto","background-attachment":"scroll","background-type":"","background-media":"","overlay-type":"","overlay-color":"","overlay-opacity":"","overlay-gradient":""},"mobile":{"background-color":"","background-image":"","background-repeat":"repeat","background-position":"center center","background-size":"auto","background-attachment":"scroll","background-type":"","background-media":"","overlay-type":"","overlay-color":"","overlay-opacity":"","overlay-gradient":""}},"ast-content-background-meta":{"desktop":{"background-color":"var(--ast-global-color-5)","background-image":"","background-repeat":"repeat","background-position":"center center","background-size":"auto","background-attachment":"scroll","background-type":"","background-media":"","overlay-type":"","overlay-color":"","overlay-opacity":"","overlay-gradient":""},"tablet":{"background-color":"var(--ast-global-color-5)","background-image":"","background-repeat":"repeat","background-position":"center center","background-size":"auto","background-attachment":"scroll","background-type":"","background-media":"","overlay-type":"","overlay-color":"","overlay-opacity":"","overlay-gradient":""},"mobile":{"background-color":"var(--ast-global-color-5)","background-image":"","background-repeat":"repeat","background-position":"center center","background-size":"auto","background-attachment":"scroll","background-type":"","background-media":"","overlay-type":"","overlay-color":"","overlay-opacity":"","overlay-gradient":""}}},"product_brand":[],"product_cat":[21,32],"product_tag":[],"class_list":{"0":"post-1882","1":"product","2":"type-product","3":"status-publish","4":"has-post-thumbnail","6":"product_cat-invertebrates","7":"product_cat-vertebrates","8":"desktop-align-left","9":"tablet-align-left","10":"mobile-align-left","12":"first","13":"instock","14":"shipping-taxable","15":"product-type-simple"},"uagb_featured_image_src":{"full":["https:\/\/tropicalbaylivefishrd.com\/wp-content\/uploads\/2024\/10\/1AD4710A-BEE6-49C5-8B83-C39D85BCA982.jpg",450,450,false],"thumbnail":["https:\/\/tropicalbaylivefishrd.com\/wp-content\/uploads\/2024\/10\/1AD4710A-BEE6-49C5-8B83-C39D85BCA982-150x150.jpg",150,150,true],"medium":["https:\/\/tropicalbaylivefishrd.com\/wp-content\/uploads\/2024\/10\/1AD4710A-BEE6-49C5-8B83-C39D85BCA982-300x300.jpg",300,300,true],"medium_large":["https:\/\/tropicalbaylivefishrd.com\/wp-content\/uploads\/2024\/10\/1AD4710A-BEE6-49C5-8B83-C39D85BCA982.jpg",450,450,false],"large":["https:\/\/tropicalbaylivefishrd.com\/wp-content\/uploads\/2024\/10\/1AD4710A-BEE6-49C5-8B83-C39D85BCA982.jpg",450,450,false],"1536x1536":["https:\/\/tropicalbaylivefishrd.com\/wp-content\/uploads\/2024\/10\/1AD4710A-BEE6-49C5-8B83-C39D85BCA982.jpg",450,450,false],"2048x2048":["https:\/\/tropicalbaylivefishrd.com\/wp-content\/uploads\/2024\/10\/1AD4710A-BEE6-49C5-8B83-C39D85BCA982.jpg",450,450,false],"trp-custom-language-flag":["https:\/\/tropicalbaylivefishrd.com\/wp-content\/uploads\/2024\/10\/1AD4710A-BEE6-49C5-8B83-C39D85BCA982.jpg",12,12,false],"woocommerce_thumbnail":["https:\/\/tropicalbaylivefishrd.com\/wp-content\/uploads\/2024\/10\/1AD4710A-BEE6-49C5-8B83-C39D85BCA982-300x300.jpg",300,300,true],"woocommerce_single":["https:\/\/tropicalbaylivefishrd.com\/wp-content\/uploads\/2024\/10\/1AD4710A-BEE6-49C5-8B83-C39D85BCA982.jpg",450,450,false],"woocommerce_gallery_thumbnail":["https:\/\/tropicalbaylivefishrd.com\/wp-content\/uploads\/2024\/10\/1AD4710A-BEE6-49C5-8B83-C39D85BCA982-100x100.jpg",100,100,true]},"uagb_author_info":{"display_name":"Manuel Nu\u00f1ez","author_link":"https:\/\/tropicalbaylivefishrd.com\/en\/author\/"},"uagb_comment_info":0,"uagb_excerpt":"Un pez de car\u00e1cter sereno que destaca por su coloraci\u00f3n rojiza y su distintiva mancha oscura en la base de la aleta caudal. Es una adici\u00f3n tranquila y elegante para cualquier acuario.","_links":{"self":[{"href":"https:\/\/tropicalbaylivefishrd.com\/en\/wp-json\/wp\/v2\/product\/1882","targetHints":{"allow":["GET"]}}],"collection":[{"href":"https:\/\/tropicalbaylivefishrd.com\/en\/wp-json\/wp\/v2\/product"}],"about":[{"href":"https:\/\/tropicalbaylivefishrd.com\/en\/wp-json\/wp\/v2\/types\/product"}],"replies":[{"embeddable":true,"href":"https:\/\/tropicalbaylivefishrd.com\/en\/wp-json\/wp\/v2\/comments?post=1882"}],"version-history":[{"count":0,"href":"https:\/\/tropicalbaylivefishrd.com\/en\/wp-json\/wp\/v2\/product\/1882\/revisions"}],"wp:featuredmedia":[{"embeddable":true,"href":"https:\/\/tropicalbaylivefishrd.com\/en\/wp-json\/wp\/v2\/media\/1883"}],"wp:attachment":[{"href":"https:\/\/tropicalbaylivefishrd.com\/en\/wp-json\/wp\/v2\/media?parent=1882"}],"wp:term":[{"taxonomy":"product_brand","embeddable":true,"href":"https:\/\/tropicalbaylivefishrd.com\/en\/wp-json\/wp\/v2\/product_brand?post=1882"},{"taxonomy":"product_cat","embeddable":true,"href":"https:\/\/tropicalbaylivefishrd.com\/en\/wp-json\/wp\/v2\/product_cat?post=1882"},{"taxonomy":"product_tag","embeddable":true,"href":"https:\/\/tropicalbaylivefishrd.com\/en\/wp-json\/wp\/v2\/product_tag?post=1882"}],"curies":[{"name":"wp","href":"https:\/\/api.w.org\/{rel}","templated":true}]}}