{"id":2003,"date":"2025-08-11T00:30:42","date_gmt":"2025-08-10T22:30:42","guid":{"rendered":"https:\/\/tropicalbaylivefishrd.com\/?post_type=product&#038;p=2003"},"modified":"2025-08-11T00:32:25","modified_gmt":"2025-08-10T22:32:25","slug":"yellowhead-wrass-loro-cabeciamarilla","status":"publish","type":"product","link":"https:\/\/tropicalbaylivefishrd.com\/en\/producto\/yellowhead-wrass-loro-cabeciamarilla\/","title":{"rendered":"Yellowhead Wrass (Loro Cabeciamarilla)"},"content":{"rendered":"<p>El Yellowhead Wrass es un pez de arrecife que se distingue por su cabeza de un amarillo intenso y un cuerpo que presenta un degradado de colores. La parte superior de su cuerpo es de un tono azul oscuro y el resto tiene una coloraci\u00f3n que va de azul-verdoso a p\u00farpura. Este pez es conocido por su comportamiento activo y curioso. Su tama\u00f1o y su personalidad lo hacen ideal para un entorno marino con peces pac\u00edficos.<\/p>","protected":false},"excerpt":{"rendered":"<p>Un l\u00e1brido con una distintiva cabeza amarilla que contrasta con un cuerpo que pasa de un tono azul-verdoso a un p\u00farpura. Su colorida apariencia lo hace un pez llamativo para cualquier ambiente marino.<\/p>","protected":false},"featured_media":2004,"comment_status":"open","ping_status":"closed","template":"","meta":{"_uag_custom_page_level_css":"","site-sidebar-layout":"default","site-content-layout":"","ast-site-content-layout":"default","site-content-style":"default","site-sidebar-style":"default","ast-global-header-display":"","ast-banner-title-visibility":"","ast-main-header-display":"","ast-hfb-above-header-display":"","ast-hfb-below-header-display":"","ast-hfb-mobile-header-display":"","site-post-title":"","ast-breadcrumbs-content":"","ast-featured-img":"","footer-sml-layout":"","theme-transparent-header-meta":"","adv-header-id-meta":"","stick-header-meta":"","header-above-stick-meta":"","header-main-stick-meta":"","header-below-stick-meta":"","astra-migrate-meta-layouts":"default","ast-page-background-enabled":"default","ast-page-background-meta":{"desktop":{"background-color":"var(--ast-global-color-4)","background-image":"","background-repeat":"repeat","background-position":"center center","background-size":"auto","background-attachment":"scroll","background-type":"","background-media":"","overlay-type":"","overlay-color":"","overlay-opacity":"","overlay-gradient":""},"tablet":{"background-color":"","background-image":"","background-repeat":"repeat","background-position":"center center","background-size":"auto","background-attachment":"scroll","background-type":"","background-media":"","overlay-type":"","overlay-color":"","overlay-opacity":"","overlay-gradient":""},"mobile":{"background-color":"","background-image":"","background-repeat":"repeat","background-position":"center center","background-size":"auto","background-attachment":"scroll","background-type":"","background-media":"","overlay-type":"","overlay-color":"","overlay-opacity":"","overlay-gradient":""}},"ast-content-background-meta":{"desktop":{"background-color":"var(--ast-global-color-5)","background-image":"","background-repeat":"repeat","background-position":"center center","background-size":"auto","background-attachment":"scroll","background-type":"","background-media":"","overlay-type":"","overlay-color":"","overlay-opacity":"","overlay-gradient":""},"tablet":{"background-color":"var(--ast-global-color-5)","background-image":"","background-repeat":"repeat","background-position":"center center","background-size":"auto","background-attachment":"scroll","background-type":"","background-media":"","overlay-type":"","overlay-color":"","overlay-opacity":"","overlay-gradient":""},"mobile":{"background-color":"var(--ast-global-color-5)","background-image":"","background-repeat":"repeat","background-position":"center center","background-size":"auto","background-attachment":"scroll","background-type":"","background-media":"","overlay-type":"","overlay-color":"","overlay-opacity":"","overlay-gradient":""}}},"product_brand":[],"product_cat":[21],"product_tag":[],"class_list":{"0":"post-2003","1":"product","2":"type-product","3":"status-publish","4":"has-post-thumbnail","6":"product_cat-invertebrates","7":"desktop-align-left","8":"tablet-align-left","9":"mobile-align-left","11":"first","12":"instock","13":"shipping-taxable","14":"product-type-simple"},"uagb_featured_image_src":{"full":["https:\/\/tropicalbaylivefishrd.com\/wp-content\/uploads\/2025\/08\/05ce6fd6-e88f-4d2f-9e30-bb3f30b56c85.jpg",1000,667,false],"thumbnail":["https:\/\/tropicalbaylivefishrd.com\/wp-content\/uploads\/2025\/08\/05ce6fd6-e88f-4d2f-9e30-bb3f30b56c85-150x150.jpg",150,150,true],"medium":["https:\/\/tropicalbaylivefishrd.com\/wp-content\/uploads\/2025\/08\/05ce6fd6-e88f-4d2f-9e30-bb3f30b56c85-300x200.jpg",300,200,true],"medium_large":["https:\/\/tropicalbaylivefishrd.com\/wp-content\/uploads\/2025\/08\/05ce6fd6-e88f-4d2f-9e30-bb3f30b56c85-768x512.jpg",768,512,true],"large":["https:\/\/tropicalbaylivefishrd.com\/wp-content\/uploads\/2025\/08\/05ce6fd6-e88f-4d2f-9e30-bb3f30b56c85.jpg",1000,667,false],"1536x1536":["https:\/\/tropicalbaylivefishrd.com\/wp-content\/uploads\/2025\/08\/05ce6fd6-e88f-4d2f-9e30-bb3f30b56c85.jpg",1000,667,false],"2048x2048":["https:\/\/tropicalbaylivefishrd.com\/wp-content\/uploads\/2025\/08\/05ce6fd6-e88f-4d2f-9e30-bb3f30b56c85.jpg",1000,667,false],"trp-custom-language-flag":["https:\/\/tropicalbaylivefishrd.com\/wp-content\/uploads\/2025\/08\/05ce6fd6-e88f-4d2f-9e30-bb3f30b56c85.jpg",18,12,false],"woocommerce_thumbnail":["https:\/\/tropicalbaylivefishrd.com\/wp-content\/uploads\/2025\/08\/05ce6fd6-e88f-4d2f-9e30-bb3f30b56c85-300x300.jpg",300,300,true],"woocommerce_single":["https:\/\/tropicalbaylivefishrd.com\/wp-content\/uploads\/2025\/08\/05ce6fd6-e88f-4d2f-9e30-bb3f30b56c85-600x400.jpg",600,400,true],"woocommerce_gallery_thumbnail":["https:\/\/tropicalbaylivefishrd.com\/wp-content\/uploads\/2025\/08\/05ce6fd6-e88f-4d2f-9e30-bb3f30b56c85-100x100.jpg",100,100,true]},"uagb_author_info":{"display_name":"Manuel Nunez","author_link":"https:\/\/tropicalbaylivefishrd.com\/en\/author\/"},"uagb_comment_info":0,"uagb_excerpt":"Un l\u00e1brido con una distintiva cabeza amarilla que contrasta con un cuerpo que pasa de un tono azul-verdoso a un p\u00farpura. Su colorida apariencia lo hace un pez llamativo para cualquier ambiente marino.","_links":{"self":[{"href":"https:\/\/tropicalbaylivefishrd.com\/en\/wp-json\/wp\/v2\/product\/2003","targetHints":{"allow":["GET"]}}],"collection":[{"href":"https:\/\/tropicalbaylivefishrd.com\/en\/wp-json\/wp\/v2\/product"}],"about":[{"href":"https:\/\/tropicalbaylivefishrd.com\/en\/wp-json\/wp\/v2\/types\/product"}],"replies":[{"embeddable":true,"href":"https:\/\/tropicalbaylivefishrd.com\/en\/wp-json\/wp\/v2\/comments?post=2003"}],"version-history":[{"count":0,"href":"https:\/\/tropicalbaylivefishrd.com\/en\/wp-json\/wp\/v2\/product\/2003\/revisions"}],"wp:featuredmedia":[{"embeddable":true,"href":"https:\/\/tropicalbaylivefishrd.com\/en\/wp-json\/wp\/v2\/media\/2004"}],"wp:attachment":[{"href":"https:\/\/tropicalbaylivefishrd.com\/en\/wp-json\/wp\/v2\/media?parent=2003"}],"wp:term":[{"taxonomy":"product_brand","embeddable":true,"href":"https:\/\/tropicalbaylivefishrd.com\/en\/wp-json\/wp\/v2\/product_brand?post=2003"},{"taxonomy":"product_cat","embeddable":true,"href":"https:\/\/tropicalbaylivefishrd.com\/en\/wp-json\/wp\/v2\/product_cat?post=2003"},{"taxonomy":"product_tag","embeddable":true,"href":"https:\/\/tropicalbaylivefishrd.com\/en\/wp-json\/wp\/v2\/product_tag?post=2003"}],"curies":[{"name":"wp","href":"https:\/\/api.w.org\/{rel}","templated":true}]}}