{"id":2020,"date":"2025-08-11T01:05:12","date_gmt":"2025-08-10T23:05:12","guid":{"rendered":"https:\/\/tropicalbaylivefishrd.com\/?post_type=product&#038;p=2020"},"modified":"2025-08-11T01:13:46","modified_gmt":"2025-08-10T23:13:46","slug":"anemonas-flor-de-roca-rock-flower-anemone","status":"publish","type":"product","link":"https:\/\/tropicalbaylivefishrd.com\/en\/producto\/anemonas-flor-de-roca-rock-flower-anemone\/","title":{"rendered":"An\u00e9monas Flor de Roca (Rock Flower Anemone)"},"content":{"rendered":"<p>La an\u00e9monas flor de roca, conocidas por sus nombres cient\u00edficos como <em>Epicystis crucifer<\/em>, de diferentes tama\u00f1os y combinaciones de colores llamativos. Se pueden ver an\u00e9monas con centros azules, amarillos y verdes, rodeados de tent\u00e1culos de tonos rojos, naranjas y marrones. La variedad de patrones y colores es muy amplia, lo que resalta la diversidad de esta especie. El fondo es un contenedor de pl\u00e1stico de color azul, lo que sugiere que las an\u00e9monas est\u00e1n en un entorno controlado, posiblemente un acuario o un criadero, antes de ser vendidas o transferidas a un tanque. En la parte inferior de la imagen, hay un recuadro de texto en ingl\u00e9s que las identifica como \"Rock flower anemone\".<\/p>","protected":false},"excerpt":{"rendered":"<p>Una imagen de m\u00faltiples an\u00e9monas flor de roca de colores vibrantes, dispuestas en un recipiente de pl\u00e1stico azul.<\/p>","protected":false},"featured_media":2021,"comment_status":"open","ping_status":"closed","template":"","meta":{"_uag_custom_page_level_css":"","site-sidebar-layout":"default","site-content-layout":"","ast-site-content-layout":"default","site-content-style":"default","site-sidebar-style":"default","ast-global-header-display":"","ast-banner-title-visibility":"","ast-main-header-display":"","ast-hfb-above-header-display":"","ast-hfb-below-header-display":"","ast-hfb-mobile-header-display":"","site-post-title":"","ast-breadcrumbs-content":"","ast-featured-img":"","footer-sml-layout":"","theme-transparent-header-meta":"","adv-header-id-meta":"","stick-header-meta":"","header-above-stick-meta":"","header-main-stick-meta":"","header-below-stick-meta":"","astra-migrate-meta-layouts":"default","ast-page-background-enabled":"default","ast-page-background-meta":{"desktop":{"background-color":"var(--ast-global-color-4)","background-image":"","background-repeat":"repeat","background-position":"center center","background-size":"auto","background-attachment":"scroll","background-type":"","background-media":"","overlay-type":"","overlay-color":"","overlay-opacity":"","overlay-gradient":""},"tablet":{"background-color":"","background-image":"","background-repeat":"repeat","background-position":"center center","background-size":"auto","background-attachment":"scroll","background-type":"","background-media":"","overlay-type":"","overlay-color":"","overlay-opacity":"","overlay-gradient":""},"mobile":{"background-color":"","background-image":"","background-repeat":"repeat","background-position":"center center","background-size":"auto","background-attachment":"scroll","background-type":"","background-media":"","overlay-type":"","overlay-color":"","overlay-opacity":"","overlay-gradient":""}},"ast-content-background-meta":{"desktop":{"background-color":"var(--ast-global-color-5)","background-image":"","background-repeat":"repeat","background-position":"center center","background-size":"auto","background-attachment":"scroll","background-type":"","background-media":"","overlay-type":"","overlay-color":"","overlay-opacity":"","overlay-gradient":""},"tablet":{"background-color":"var(--ast-global-color-5)","background-image":"","background-repeat":"repeat","background-position":"center center","background-size":"auto","background-attachment":"scroll","background-type":"","background-media":"","overlay-type":"","overlay-color":"","overlay-opacity":"","overlay-gradient":""},"mobile":{"background-color":"var(--ast-global-color-5)","background-image":"","background-repeat":"repeat","background-position":"center center","background-size":"auto","background-attachment":"scroll","background-type":"","background-media":"","overlay-type":"","overlay-color":"","overlay-opacity":"","overlay-gradient":""}}},"product_brand":[],"product_cat":[21],"product_tag":[],"class_list":{"0":"post-2020","1":"product","2":"type-product","3":"status-publish","4":"has-post-thumbnail","6":"product_cat-invertebrates","7":"desktop-align-left","8":"tablet-align-left","9":"mobile-align-left","11":"first","12":"instock","13":"shipping-taxable","14":"product-type-simple"},"uagb_featured_image_src":{"full":["https:\/\/tropicalbaylivefishrd.com\/wp-content\/uploads\/2025\/08\/9a3e7131-b3a9-431a-b307-15436dacffda.jpg",360,533,false],"thumbnail":["https:\/\/tropicalbaylivefishrd.com\/wp-content\/uploads\/2025\/08\/9a3e7131-b3a9-431a-b307-15436dacffda-150x150.jpg",150,150,true],"medium":["https:\/\/tropicalbaylivefishrd.com\/wp-content\/uploads\/2025\/08\/9a3e7131-b3a9-431a-b307-15436dacffda-203x300.jpg",203,300,true],"medium_large":["https:\/\/tropicalbaylivefishrd.com\/wp-content\/uploads\/2025\/08\/9a3e7131-b3a9-431a-b307-15436dacffda.jpg",360,533,false],"large":["https:\/\/tropicalbaylivefishrd.com\/wp-content\/uploads\/2025\/08\/9a3e7131-b3a9-431a-b307-15436dacffda.jpg",360,533,false],"1536x1536":["https:\/\/tropicalbaylivefishrd.com\/wp-content\/uploads\/2025\/08\/9a3e7131-b3a9-431a-b307-15436dacffda.jpg",360,533,false],"2048x2048":["https:\/\/tropicalbaylivefishrd.com\/wp-content\/uploads\/2025\/08\/9a3e7131-b3a9-431a-b307-15436dacffda.jpg",360,533,false],"trp-custom-language-flag":["https:\/\/tropicalbaylivefishrd.com\/wp-content\/uploads\/2025\/08\/9a3e7131-b3a9-431a-b307-15436dacffda.jpg",8,12,false],"woocommerce_thumbnail":["https:\/\/tropicalbaylivefishrd.com\/wp-content\/uploads\/2025\/08\/9a3e7131-b3a9-431a-b307-15436dacffda-300x300.jpg",300,300,true],"woocommerce_single":["https:\/\/tropicalbaylivefishrd.com\/wp-content\/uploads\/2025\/08\/9a3e7131-b3a9-431a-b307-15436dacffda.jpg",360,533,false],"woocommerce_gallery_thumbnail":["https:\/\/tropicalbaylivefishrd.com\/wp-content\/uploads\/2025\/08\/9a3e7131-b3a9-431a-b307-15436dacffda-100x100.jpg",100,100,true]},"uagb_author_info":{"display_name":"Manuel Nunez","author_link":"https:\/\/tropicalbaylivefishrd.com\/en\/author\/"},"uagb_comment_info":0,"uagb_excerpt":"Una imagen de m\u00faltiples an\u00e9monas flor de roca de colores vibrantes, dispuestas en un recipiente de pl\u00e1stico azul.","_links":{"self":[{"href":"https:\/\/tropicalbaylivefishrd.com\/en\/wp-json\/wp\/v2\/product\/2020","targetHints":{"allow":["GET"]}}],"collection":[{"href":"https:\/\/tropicalbaylivefishrd.com\/en\/wp-json\/wp\/v2\/product"}],"about":[{"href":"https:\/\/tropicalbaylivefishrd.com\/en\/wp-json\/wp\/v2\/types\/product"}],"replies":[{"embeddable":true,"href":"https:\/\/tropicalbaylivefishrd.com\/en\/wp-json\/wp\/v2\/comments?post=2020"}],"version-history":[{"count":0,"href":"https:\/\/tropicalbaylivefishrd.com\/en\/wp-json\/wp\/v2\/product\/2020\/revisions"}],"wp:featuredmedia":[{"embeddable":true,"href":"https:\/\/tropicalbaylivefishrd.com\/en\/wp-json\/wp\/v2\/media\/2021"}],"wp:attachment":[{"href":"https:\/\/tropicalbaylivefishrd.com\/en\/wp-json\/wp\/v2\/media?parent=2020"}],"wp:term":[{"taxonomy":"product_brand","embeddable":true,"href":"https:\/\/tropicalbaylivefishrd.com\/en\/wp-json\/wp\/v2\/product_brand?post=2020"},{"taxonomy":"product_cat","embeddable":true,"href":"https:\/\/tropicalbaylivefishrd.com\/en\/wp-json\/wp\/v2\/product_cat?post=2020"},{"taxonomy":"product_tag","embeddable":true,"href":"https:\/\/tropicalbaylivefishrd.com\/en\/wp-json\/wp\/v2\/product_tag?post=2020"}],"curies":[{"name":"wp","href":"https:\/\/api.w.org\/{rel}","templated":true}]}}