{"id":2044,"date":"2025-08-11T02:07:41","date_gmt":"2025-08-11T00:07:41","guid":{"rendered":"https:\/\/tropicalbaylivefishrd.com\/?post_type=product&#038;p=2044"},"modified":"2025-09-27T21:28:15","modified_gmt":"2025-09-27T19:28:15","slug":"jaboncillo-dorado-gold-hamlet","status":"publish","type":"product","link":"https:\/\/tropicalbaylivefishrd.com\/en\/producto\/jaboncillo-dorado-gold-hamlet\/","title":{"rendered":"Jaboncillo Dorado (Gold Hamlet)"},"content":{"rendered":"<p>El jaboncillo dorado, o <strong><em>Hypoplectrus gummigutta<\/em><\/strong>, es un pez de la familia Serranidae. Su historia, como la de otras especies del g\u00e9nero <em>Hypoplectrus<\/em>, est\u00e1 marcada por el debate cient\u00edfico sobre si las diversas variedades de color son especies distintas o variaciones de una sola. Fue clasificado como una especie diferente en su momento, pero la investigaci\u00f3n ha continuado para entender la din\u00e1mica de especiaci\u00f3n en los arrecifes caribe\u00f1os donde habita.<\/p>","protected":false},"excerpt":{"rendered":"<p>Pez de color amarillo brillante con un cuerpo ovalado, y marcas de color azul iridiscente en la cara.<\/p>","protected":false},"featured_media":2045,"comment_status":"open","ping_status":"closed","template":"","meta":{"_uag_custom_page_level_css":"","site-sidebar-layout":"default","site-content-layout":"","ast-site-content-layout":"default","site-content-style":"default","site-sidebar-style":"default","ast-global-header-display":"","ast-banner-title-visibility":"","ast-main-header-display":"","ast-hfb-above-header-display":"","ast-hfb-below-header-display":"","ast-hfb-mobile-header-display":"","site-post-title":"","ast-breadcrumbs-content":"","ast-featured-img":"","footer-sml-layout":"","theme-transparent-header-meta":"","adv-header-id-meta":"","stick-header-meta":"","header-above-stick-meta":"","header-main-stick-meta":"","header-below-stick-meta":"","astra-migrate-meta-layouts":"default","ast-page-background-enabled":"default","ast-page-background-meta":{"desktop":{"background-color":"var(--ast-global-color-4)","background-image":"","background-repeat":"repeat","background-position":"center center","background-size":"auto","background-attachment":"scroll","background-type":"","background-media":"","overlay-type":"","overlay-color":"","overlay-opacity":"","overlay-gradient":""},"tablet":{"background-color":"","background-image":"","background-repeat":"repeat","background-position":"center center","background-size":"auto","background-attachment":"scroll","background-type":"","background-media":"","overlay-type":"","overlay-color":"","overlay-opacity":"","overlay-gradient":""},"mobile":{"background-color":"","background-image":"","background-repeat":"repeat","background-position":"center center","background-size":"auto","background-attachment":"scroll","background-type":"","background-media":"","overlay-type":"","overlay-color":"","overlay-opacity":"","overlay-gradient":""}},"ast-content-background-meta":{"desktop":{"background-color":"var(--ast-global-color-5)","background-image":"","background-repeat":"repeat","background-position":"center center","background-size":"auto","background-attachment":"scroll","background-type":"","background-media":"","overlay-type":"","overlay-color":"","overlay-opacity":"","overlay-gradient":""},"tablet":{"background-color":"var(--ast-global-color-5)","background-image":"","background-repeat":"repeat","background-position":"center center","background-size":"auto","background-attachment":"scroll","background-type":"","background-media":"","overlay-type":"","overlay-color":"","overlay-opacity":"","overlay-gradient":""},"mobile":{"background-color":"var(--ast-global-color-5)","background-image":"","background-repeat":"repeat","background-position":"center center","background-size":"auto","background-attachment":"scroll","background-type":"","background-media":"","overlay-type":"","overlay-color":"","overlay-opacity":"","overlay-gradient":""}}},"product_brand":[],"product_cat":[21],"product_tag":[],"class_list":{"0":"post-2044","1":"product","2":"type-product","3":"status-publish","4":"has-post-thumbnail","6":"product_cat-invertebrates","7":"desktop-align-left","8":"tablet-align-left","9":"mobile-align-left","11":"first","12":"instock","13":"shipping-taxable","14":"product-type-simple"},"uagb_featured_image_src":{"full":["https:\/\/tropicalbaylivefishrd.com\/wp-content\/uploads\/2025\/08\/51895019-50ee-48b6-b013-9728c8f50541.jpg",640,436,false],"thumbnail":["https:\/\/tropicalbaylivefishrd.com\/wp-content\/uploads\/2025\/08\/51895019-50ee-48b6-b013-9728c8f50541-150x150.jpg",150,150,true],"medium":["https:\/\/tropicalbaylivefishrd.com\/wp-content\/uploads\/2025\/08\/51895019-50ee-48b6-b013-9728c8f50541-300x204.jpg",300,204,true],"medium_large":["https:\/\/tropicalbaylivefishrd.com\/wp-content\/uploads\/2025\/08\/51895019-50ee-48b6-b013-9728c8f50541.jpg",640,436,false],"large":["https:\/\/tropicalbaylivefishrd.com\/wp-content\/uploads\/2025\/08\/51895019-50ee-48b6-b013-9728c8f50541.jpg",640,436,false],"1536x1536":["https:\/\/tropicalbaylivefishrd.com\/wp-content\/uploads\/2025\/08\/51895019-50ee-48b6-b013-9728c8f50541.jpg",640,436,false],"2048x2048":["https:\/\/tropicalbaylivefishrd.com\/wp-content\/uploads\/2025\/08\/51895019-50ee-48b6-b013-9728c8f50541.jpg",640,436,false],"trp-custom-language-flag":["https:\/\/tropicalbaylivefishrd.com\/wp-content\/uploads\/2025\/08\/51895019-50ee-48b6-b013-9728c8f50541.jpg",18,12,false],"woocommerce_thumbnail":["https:\/\/tropicalbaylivefishrd.com\/wp-content\/uploads\/2025\/08\/51895019-50ee-48b6-b013-9728c8f50541-300x300.jpg",300,300,true],"woocommerce_single":["https:\/\/tropicalbaylivefishrd.com\/wp-content\/uploads\/2025\/08\/51895019-50ee-48b6-b013-9728c8f50541-600x409.jpg",600,409,true],"woocommerce_gallery_thumbnail":["https:\/\/tropicalbaylivefishrd.com\/wp-content\/uploads\/2025\/08\/51895019-50ee-48b6-b013-9728c8f50541-100x100.jpg",100,100,true]},"uagb_author_info":{"display_name":"Manuel Nunez","author_link":"https:\/\/tropicalbaylivefishrd.com\/en\/author\/"},"uagb_comment_info":3,"uagb_excerpt":"Pez de color amarillo brillante con un cuerpo ovalado, y marcas de color azul iridiscente en la cara.","_links":{"self":[{"href":"https:\/\/tropicalbaylivefishrd.com\/en\/wp-json\/wp\/v2\/product\/2044","targetHints":{"allow":["GET"]}}],"collection":[{"href":"https:\/\/tropicalbaylivefishrd.com\/en\/wp-json\/wp\/v2\/product"}],"about":[{"href":"https:\/\/tropicalbaylivefishrd.com\/en\/wp-json\/wp\/v2\/types\/product"}],"replies":[{"embeddable":true,"href":"https:\/\/tropicalbaylivefishrd.com\/en\/wp-json\/wp\/v2\/comments?post=2044"}],"version-history":[{"count":0,"href":"https:\/\/tropicalbaylivefishrd.com\/en\/wp-json\/wp\/v2\/product\/2044\/revisions"}],"wp:featuredmedia":[{"embeddable":true,"href":"https:\/\/tropicalbaylivefishrd.com\/en\/wp-json\/wp\/v2\/media\/2045"}],"wp:attachment":[{"href":"https:\/\/tropicalbaylivefishrd.com\/en\/wp-json\/wp\/v2\/media?parent=2044"}],"wp:term":[{"taxonomy":"product_brand","embeddable":true,"href":"https:\/\/tropicalbaylivefishrd.com\/en\/wp-json\/wp\/v2\/product_brand?post=2044"},{"taxonomy":"product_cat","embeddable":true,"href":"https:\/\/tropicalbaylivefishrd.com\/en\/wp-json\/wp\/v2\/product_cat?post=2044"},{"taxonomy":"product_tag","embeddable":true,"href":"https:\/\/tropicalbaylivefishrd.com\/en\/wp-json\/wp\/v2\/product_tag?post=2044"}],"curies":[{"name":"wp","href":"https:\/\/api.w.org\/{rel}","templated":true}]}}