{"id":1985,"date":"2025-08-10T23:48:58","date_gmt":"2025-08-10T21:48:58","guid":{"rendered":"https:\/\/tropicalbaylivefishrd.com\/?post_type=product&#038;p=1985"},"modified":"2025-08-10T23:50:04","modified_gmt":"2025-08-10T21:50:04","slug":"red-lip-blenny-blenio-de-labios-rojos","status":"publish","type":"product","link":"https:\/\/tropicalbaylivefishrd.com\/es\/producto\/red-lip-blenny-blenio-de-labios-rojos\/","title":{"rendered":"Red Lip Blenny (Blenio de Labios Rojos)"},"content":{"rendered":"\n<p>El Red Lip Blenny es un pez de la familia de los bl\u00e9nidos, popular por su apariencia distintiva. Su cuerpo, de un tono oscuro, contrasta con sus labios de un color rojo intenso. Estos peces son de naturaleza territorial y prefieren esconderse en rocas y cuevas, donde se les puede ver asom\u00e1ndose. Son herb\u00edvoros y pueden ayudar a mantener bajo control el crecimiento de algas en tu entorno marino. Su tama\u00f1o compacto y su comportamiento lo hacen adecuado para la mayor\u00eda de los espacios marinos con compa\u00f1eros de tanque pac\u00edficos.<\/p>\n","protected":false},"excerpt":{"rendered":"<p>Un blenio fascinante conocido por sus labios rojos que contrastan con su cuerpo oscuro. Es un pez de fondo con una personalidad curiosa, que agrega un toque de car\u00e1cter \u00fanico a cualquier ambiente marino.<\/p>\n","protected":false},"featured_media":1986,"comment_status":"open","ping_status":"closed","template":"","meta":{"_uag_custom_page_level_css":"","site-sidebar-layout":"default","site-content-layout":"","ast-site-content-layout":"default","site-content-style":"default","site-sidebar-style":"default","ast-global-header-display":"","ast-banner-title-visibility":"","ast-main-header-display":"","ast-hfb-above-header-display":"","ast-hfb-below-header-display":"","ast-hfb-mobile-header-display":"","site-post-title":"","ast-breadcrumbs-content":"","ast-featured-img":"","footer-sml-layout":"","theme-transparent-header-meta":"","adv-header-id-meta":"","stick-header-meta":"","header-above-stick-meta":"","header-main-stick-meta":"","header-below-stick-meta":"","astra-migrate-meta-layouts":"default","ast-page-background-enabled":"default","ast-page-background-meta":{"desktop":{"background-color":"var(--ast-global-color-4)","background-image":"","background-repeat":"repeat","background-position":"center center","background-size":"auto","background-attachment":"scroll","background-type":"","background-media":"","overlay-type":"","overlay-color":"","overlay-opacity":"","overlay-gradient":""},"tablet":{"background-color":"","background-image":"","background-repeat":"repeat","background-position":"center center","background-size":"auto","background-attachment":"scroll","background-type":"","background-media":"","overlay-type":"","overlay-color":"","overlay-opacity":"","overlay-gradient":""},"mobile":{"background-color":"","background-image":"","background-repeat":"repeat","background-position":"center center","background-size":"auto","background-attachment":"scroll","background-type":"","background-media":"","overlay-type":"","overlay-color":"","overlay-opacity":"","overlay-gradient":""}},"ast-content-background-meta":{"desktop":{"background-color":"var(--ast-global-color-5)","background-image":"","background-repeat":"repeat","background-position":"center center","background-size":"auto","background-attachment":"scroll","background-type":"","background-media":"","overlay-type":"","overlay-color":"","overlay-opacity":"","overlay-gradient":""},"tablet":{"background-color":"var(--ast-global-color-5)","background-image":"","background-repeat":"repeat","background-position":"center center","background-size":"auto","background-attachment":"scroll","background-type":"","background-media":"","overlay-type":"","overlay-color":"","overlay-opacity":"","overlay-gradient":""},"mobile":{"background-color":"var(--ast-global-color-5)","background-image":"","background-repeat":"repeat","background-position":"center center","background-size":"auto","background-attachment":"scroll","background-type":"","background-media":"","overlay-type":"","overlay-color":"","overlay-opacity":"","overlay-gradient":""}}},"product_brand":[],"product_cat":[21],"product_tag":[],"class_list":{"0":"post-1985","1":"product","2":"type-product","3":"status-publish","4":"has-post-thumbnail","6":"product_cat-invertebrates","7":"desktop-align-left","8":"tablet-align-left","9":"mobile-align-left","11":"first","12":"instock","13":"shipping-taxable","14":"product-type-simple"},"uagb_featured_image_src":{"full":["https:\/\/tropicalbaylivefishrd.com\/wp-content\/uploads\/2025\/08\/daf350ef-37aa-42d5-ad24-55b2c3aabdc5.jpg",829,622,false],"thumbnail":["https:\/\/tropicalbaylivefishrd.com\/wp-content\/uploads\/2025\/08\/daf350ef-37aa-42d5-ad24-55b2c3aabdc5-150x150.jpg",150,150,true],"medium":["https:\/\/tropicalbaylivefishrd.com\/wp-content\/uploads\/2025\/08\/daf350ef-37aa-42d5-ad24-55b2c3aabdc5-300x225.jpg",300,225,true],"medium_large":["https:\/\/tropicalbaylivefishrd.com\/wp-content\/uploads\/2025\/08\/daf350ef-37aa-42d5-ad24-55b2c3aabdc5-768x576.jpg",768,576,true],"large":["https:\/\/tropicalbaylivefishrd.com\/wp-content\/uploads\/2025\/08\/daf350ef-37aa-42d5-ad24-55b2c3aabdc5.jpg",829,622,false],"1536x1536":["https:\/\/tropicalbaylivefishrd.com\/wp-content\/uploads\/2025\/08\/daf350ef-37aa-42d5-ad24-55b2c3aabdc5.jpg",829,622,false],"2048x2048":["https:\/\/tropicalbaylivefishrd.com\/wp-content\/uploads\/2025\/08\/daf350ef-37aa-42d5-ad24-55b2c3aabdc5.jpg",829,622,false],"trp-custom-language-flag":["https:\/\/tropicalbaylivefishrd.com\/wp-content\/uploads\/2025\/08\/daf350ef-37aa-42d5-ad24-55b2c3aabdc5.jpg",16,12,false],"woocommerce_thumbnail":["https:\/\/tropicalbaylivefishrd.com\/wp-content\/uploads\/2025\/08\/daf350ef-37aa-42d5-ad24-55b2c3aabdc5-300x300.jpg",300,300,true],"woocommerce_single":["https:\/\/tropicalbaylivefishrd.com\/wp-content\/uploads\/2025\/08\/daf350ef-37aa-42d5-ad24-55b2c3aabdc5-600x450.jpg",600,450,true],"woocommerce_gallery_thumbnail":["https:\/\/tropicalbaylivefishrd.com\/wp-content\/uploads\/2025\/08\/daf350ef-37aa-42d5-ad24-55b2c3aabdc5-100x100.jpg",100,100,true]},"uagb_author_info":{"display_name":"Manuel Nunez","author_link":"https:\/\/tropicalbaylivefishrd.com\/es\/author\/"},"uagb_comment_info":0,"uagb_excerpt":"Un blenio fascinante conocido por sus labios rojos que contrastan con su cuerpo oscuro. Es un pez de fondo con una personalidad curiosa, que agrega un toque de car\u00e1cter \u00fanico a cualquier ambiente marino.","_links":{"self":[{"href":"https:\/\/tropicalbaylivefishrd.com\/es\/wp-json\/wp\/v2\/product\/1985","targetHints":{"allow":["GET"]}}],"collection":[{"href":"https:\/\/tropicalbaylivefishrd.com\/es\/wp-json\/wp\/v2\/product"}],"about":[{"href":"https:\/\/tropicalbaylivefishrd.com\/es\/wp-json\/wp\/v2\/types\/product"}],"replies":[{"embeddable":true,"href":"https:\/\/tropicalbaylivefishrd.com\/es\/wp-json\/wp\/v2\/comments?post=1985"}],"version-history":[{"count":0,"href":"https:\/\/tropicalbaylivefishrd.com\/es\/wp-json\/wp\/v2\/product\/1985\/revisions"}],"wp:featuredmedia":[{"embeddable":true,"href":"https:\/\/tropicalbaylivefishrd.com\/es\/wp-json\/wp\/v2\/media\/1986"}],"wp:attachment":[{"href":"https:\/\/tropicalbaylivefishrd.com\/es\/wp-json\/wp\/v2\/media?parent=1985"}],"wp:term":[{"taxonomy":"product_brand","embeddable":true,"href":"https:\/\/tropicalbaylivefishrd.com\/es\/wp-json\/wp\/v2\/product_brand?post=1985"},{"taxonomy":"product_cat","embeddable":true,"href":"https:\/\/tropicalbaylivefishrd.com\/es\/wp-json\/wp\/v2\/product_cat?post=1985"},{"taxonomy":"product_tag","embeddable":true,"href":"https:\/\/tropicalbaylivefishrd.com\/es\/wp-json\/wp\/v2\/product_tag?post=1985"}],"curies":[{"name":"wp","href":"https:\/\/api.w.org\/{rel}","templated":true}]}}