{"id":2008,"date":"2025-08-11T00:39:44","date_gmt":"2025-08-10T22:39:44","guid":{"rendered":"https:\/\/tropicalbaylivefishrd.com\/?post_type=product&#038;p=2008"},"modified":"2025-08-11T00:42:29","modified_gmt":"2025-08-10T22:42:29","slug":"anemone-shrimp-camaron-anemona","status":"publish","type":"product","link":"https:\/\/tropicalbaylivefishrd.com\/es\/producto\/anemone-shrimp-camaron-anemona\/","title":{"rendered":"Anemone Shrimp (Camar\u00f3n An\u00e9mona)"},"content":{"rendered":"\n<p>El Anemone Shrimp es un invertebrado que a menudo se encuentra en simbiosis con las an\u00e9monas, lo que lo convierte en una adici\u00f3n ideal para un ambiente que las contenga. Su cuerpo transl\u00facido est\u00e1 adornado con puntos blancos y azules, y sus patas tienen un patr\u00f3n distintivo. Es un animal pac\u00edfico y de tama\u00f1o peque\u00f1o que no interfiere con la mayor\u00eda de los peces y otros invertebrados.<\/p>\n","protected":false},"excerpt":{"rendered":"<p>Un camar\u00f3n transl\u00facido y elegante que se asocia con las an\u00e9monas. Su cuerpo, cubierto de peque\u00f1os puntos y sus patas de un azul brillante, lo convierten en una adici\u00f3n delicada.<\/p>\n","protected":false},"featured_media":2009,"comment_status":"open","ping_status":"closed","template":"","meta":{"_uag_custom_page_level_css":"","site-sidebar-layout":"default","site-content-layout":"","ast-site-content-layout":"default","site-content-style":"default","site-sidebar-style":"default","ast-global-header-display":"","ast-banner-title-visibility":"","ast-main-header-display":"","ast-hfb-above-header-display":"","ast-hfb-below-header-display":"","ast-hfb-mobile-header-display":"","site-post-title":"","ast-breadcrumbs-content":"","ast-featured-img":"","footer-sml-layout":"","theme-transparent-header-meta":"","adv-header-id-meta":"","stick-header-meta":"","header-above-stick-meta":"","header-main-stick-meta":"","header-below-stick-meta":"","astra-migrate-meta-layouts":"default","ast-page-background-enabled":"default","ast-page-background-meta":{"desktop":{"background-color":"var(--ast-global-color-4)","background-image":"","background-repeat":"repeat","background-position":"center center","background-size":"auto","background-attachment":"scroll","background-type":"","background-media":"","overlay-type":"","overlay-color":"","overlay-opacity":"","overlay-gradient":""},"tablet":{"background-color":"","background-image":"","background-repeat":"repeat","background-position":"center center","background-size":"auto","background-attachment":"scroll","background-type":"","background-media":"","overlay-type":"","overlay-color":"","overlay-opacity":"","overlay-gradient":""},"mobile":{"background-color":"","background-image":"","background-repeat":"repeat","background-position":"center center","background-size":"auto","background-attachment":"scroll","background-type":"","background-media":"","overlay-type":"","overlay-color":"","overlay-opacity":"","overlay-gradient":""}},"ast-content-background-meta":{"desktop":{"background-color":"var(--ast-global-color-5)","background-image":"","background-repeat":"repeat","background-position":"center center","background-size":"auto","background-attachment":"scroll","background-type":"","background-media":"","overlay-type":"","overlay-color":"","overlay-opacity":"","overlay-gradient":""},"tablet":{"background-color":"var(--ast-global-color-5)","background-image":"","background-repeat":"repeat","background-position":"center center","background-size":"auto","background-attachment":"scroll","background-type":"","background-media":"","overlay-type":"","overlay-color":"","overlay-opacity":"","overlay-gradient":""},"mobile":{"background-color":"var(--ast-global-color-5)","background-image":"","background-repeat":"repeat","background-position":"center center","background-size":"auto","background-attachment":"scroll","background-type":"","background-media":"","overlay-type":"","overlay-color":"","overlay-opacity":"","overlay-gradient":""}}},"product_brand":[],"product_cat":[21],"product_tag":[],"class_list":{"0":"post-2008","1":"product","2":"type-product","3":"status-publish","4":"has-post-thumbnail","6":"product_cat-invertebrates","7":"desktop-align-left","8":"tablet-align-left","9":"mobile-align-left","11":"first","12":"instock","13":"shipping-taxable","14":"product-type-simple"},"uagb_featured_image_src":{"full":["https:\/\/tropicalbaylivefishrd.com\/wp-content\/uploads\/2025\/08\/6a913ea4-c449-4c90-b47e-0677c6cde59f.jpg",833,526,false],"thumbnail":["https:\/\/tropicalbaylivefishrd.com\/wp-content\/uploads\/2025\/08\/6a913ea4-c449-4c90-b47e-0677c6cde59f-150x150.jpg",150,150,true],"medium":["https:\/\/tropicalbaylivefishrd.com\/wp-content\/uploads\/2025\/08\/6a913ea4-c449-4c90-b47e-0677c6cde59f-300x189.jpg",300,189,true],"medium_large":["https:\/\/tropicalbaylivefishrd.com\/wp-content\/uploads\/2025\/08\/6a913ea4-c449-4c90-b47e-0677c6cde59f-768x485.jpg",768,485,true],"large":["https:\/\/tropicalbaylivefishrd.com\/wp-content\/uploads\/2025\/08\/6a913ea4-c449-4c90-b47e-0677c6cde59f.jpg",833,526,false],"1536x1536":["https:\/\/tropicalbaylivefishrd.com\/wp-content\/uploads\/2025\/08\/6a913ea4-c449-4c90-b47e-0677c6cde59f.jpg",833,526,false],"2048x2048":["https:\/\/tropicalbaylivefishrd.com\/wp-content\/uploads\/2025\/08\/6a913ea4-c449-4c90-b47e-0677c6cde59f.jpg",833,526,false],"trp-custom-language-flag":["https:\/\/tropicalbaylivefishrd.com\/wp-content\/uploads\/2025\/08\/6a913ea4-c449-4c90-b47e-0677c6cde59f.jpg",18,12,false],"woocommerce_thumbnail":["https:\/\/tropicalbaylivefishrd.com\/wp-content\/uploads\/2025\/08\/6a913ea4-c449-4c90-b47e-0677c6cde59f-300x300.jpg",300,300,true],"woocommerce_single":["https:\/\/tropicalbaylivefishrd.com\/wp-content\/uploads\/2025\/08\/6a913ea4-c449-4c90-b47e-0677c6cde59f-600x379.jpg",600,379,true],"woocommerce_gallery_thumbnail":["https:\/\/tropicalbaylivefishrd.com\/wp-content\/uploads\/2025\/08\/6a913ea4-c449-4c90-b47e-0677c6cde59f-100x100.jpg",100,100,true]},"uagb_author_info":{"display_name":"Manuel Nunez","author_link":"https:\/\/tropicalbaylivefishrd.com\/es\/author\/"},"uagb_comment_info":0,"uagb_excerpt":"Un camar\u00f3n transl\u00facido y elegante que se asocia con las an\u00e9monas. Su cuerpo, cubierto de peque\u00f1os puntos y sus patas de un azul brillante, lo convierten en una adici\u00f3n delicada.","_links":{"self":[{"href":"https:\/\/tropicalbaylivefishrd.com\/es\/wp-json\/wp\/v2\/product\/2008","targetHints":{"allow":["GET"]}}],"collection":[{"href":"https:\/\/tropicalbaylivefishrd.com\/es\/wp-json\/wp\/v2\/product"}],"about":[{"href":"https:\/\/tropicalbaylivefishrd.com\/es\/wp-json\/wp\/v2\/types\/product"}],"replies":[{"embeddable":true,"href":"https:\/\/tropicalbaylivefishrd.com\/es\/wp-json\/wp\/v2\/comments?post=2008"}],"version-history":[{"count":0,"href":"https:\/\/tropicalbaylivefishrd.com\/es\/wp-json\/wp\/v2\/product\/2008\/revisions"}],"wp:featuredmedia":[{"embeddable":true,"href":"https:\/\/tropicalbaylivefishrd.com\/es\/wp-json\/wp\/v2\/media\/2009"}],"wp:attachment":[{"href":"https:\/\/tropicalbaylivefishrd.com\/es\/wp-json\/wp\/v2\/media?parent=2008"}],"wp:term":[{"taxonomy":"product_brand","embeddable":true,"href":"https:\/\/tropicalbaylivefishrd.com\/es\/wp-json\/wp\/v2\/product_brand?post=2008"},{"taxonomy":"product_cat","embeddable":true,"href":"https:\/\/tropicalbaylivefishrd.com\/es\/wp-json\/wp\/v2\/product_cat?post=2008"},{"taxonomy":"product_tag","embeddable":true,"href":"https:\/\/tropicalbaylivefishrd.com\/es\/wp-json\/wp\/v2\/product_tag?post=2008"}],"curies":[{"name":"wp","href":"https:\/\/api.w.org\/{rel}","templated":true}]}}