{"id":2026,"date":"2025-08-11T01:23:24","date_gmt":"2025-08-10T23:23:24","guid":{"rendered":"https:\/\/tropicalbaylivefishrd.com\/?post_type=product&#038;p=2026"},"modified":"2025-08-11T01:24:46","modified_gmt":"2025-08-10T23:24:46","slug":"serranito-de-tiza-chalk-bass","status":"publish","type":"product","link":"https:\/\/tropicalbaylivefishrd.com\/es\/producto\/serranito-de-tiza-chalk-bass\/","title":{"rendered":"Serranito de Tiza (Chalk Bass)"},"content":{"rendered":"\n<p>El serranito de tiza, cuyo nombre cient\u00edfico es <strong><em>Serranus tortugarum<\/em><\/strong>, pertenece a la familia Serranidae, que incluye meros y chernes. Su historia en el campo de la ictiolog\u00eda se remonta a su descubrimiento y clasificaci\u00f3n por los primeros bi\u00f3logos marinos que exploraron los arrecifes del Caribe. Estos peque\u00f1os peces son nativos de las aguas tropicales del Atl\u00e1ntico occidental, desde el sur de Florida y las Bahamas hasta las Antillas Menores y Am\u00e9rica Central.<\/p>\n\n\n\n<p>Su estudio ha sido relevante para entender la ecolog\u00eda de los arrecifes de coral, ya que son depredadores de peque\u00f1os invertebrados y forman parte de la intrincada red tr\u00f3fica de estos ecosistemas. Adem\u00e1s, su relativa abundancia y su comportamiento los han convertido en especies modelo para investigaciones sobre el comportamiento social y la din\u00e1mica de poblaciones de peces de arrecife.<\/p>\n","protected":false},"excerpt":{"rendered":"<p>Pez peque\u00f1o de cuerpo alargado con rayas horizontales naranjas y un color de fondo que var\u00eda entre rosa y azul p\u00e1lido.<\/p>\n","protected":false},"featured_media":2027,"comment_status":"open","ping_status":"closed","template":"","meta":{"_uag_custom_page_level_css":"","site-sidebar-layout":"default","site-content-layout":"","ast-site-content-layout":"default","site-content-style":"default","site-sidebar-style":"default","ast-global-header-display":"","ast-banner-title-visibility":"","ast-main-header-display":"","ast-hfb-above-header-display":"","ast-hfb-below-header-display":"","ast-hfb-mobile-header-display":"","site-post-title":"","ast-breadcrumbs-content":"","ast-featured-img":"","footer-sml-layout":"","theme-transparent-header-meta":"","adv-header-id-meta":"","stick-header-meta":"","header-above-stick-meta":"","header-main-stick-meta":"","header-below-stick-meta":"","astra-migrate-meta-layouts":"default","ast-page-background-enabled":"default","ast-page-background-meta":{"desktop":{"background-color":"var(--ast-global-color-4)","background-image":"","background-repeat":"repeat","background-position":"center center","background-size":"auto","background-attachment":"scroll","background-type":"","background-media":"","overlay-type":"","overlay-color":"","overlay-opacity":"","overlay-gradient":""},"tablet":{"background-color":"","background-image":"","background-repeat":"repeat","background-position":"center center","background-size":"auto","background-attachment":"scroll","background-type":"","background-media":"","overlay-type":"","overlay-color":"","overlay-opacity":"","overlay-gradient":""},"mobile":{"background-color":"","background-image":"","background-repeat":"repeat","background-position":"center center","background-size":"auto","background-attachment":"scroll","background-type":"","background-media":"","overlay-type":"","overlay-color":"","overlay-opacity":"","overlay-gradient":""}},"ast-content-background-meta":{"desktop":{"background-color":"var(--ast-global-color-5)","background-image":"","background-repeat":"repeat","background-position":"center center","background-size":"auto","background-attachment":"scroll","background-type":"","background-media":"","overlay-type":"","overlay-color":"","overlay-opacity":"","overlay-gradient":""},"tablet":{"background-color":"var(--ast-global-color-5)","background-image":"","background-repeat":"repeat","background-position":"center center","background-size":"auto","background-attachment":"scroll","background-type":"","background-media":"","overlay-type":"","overlay-color":"","overlay-opacity":"","overlay-gradient":""},"mobile":{"background-color":"var(--ast-global-color-5)","background-image":"","background-repeat":"repeat","background-position":"center center","background-size":"auto","background-attachment":"scroll","background-type":"","background-media":"","overlay-type":"","overlay-color":"","overlay-opacity":"","overlay-gradient":""}}},"product_brand":[],"product_cat":[21],"product_tag":[],"class_list":{"0":"post-2026","1":"product","2":"type-product","3":"status-publish","4":"has-post-thumbnail","6":"product_cat-invertebrates","7":"desktop-align-left","8":"tablet-align-left","9":"mobile-align-left","11":"first","12":"instock","13":"shipping-taxable","14":"product-type-simple"},"uagb_featured_image_src":{"full":["https:\/\/tropicalbaylivefishrd.com\/wp-content\/uploads\/2025\/08\/753d6c7b-bcf1-41cd-9fcf-100c223d4cfd.jpg",1041,1041,false],"thumbnail":["https:\/\/tropicalbaylivefishrd.com\/wp-content\/uploads\/2025\/08\/753d6c7b-bcf1-41cd-9fcf-100c223d4cfd-150x150.jpg",150,150,true],"medium":["https:\/\/tropicalbaylivefishrd.com\/wp-content\/uploads\/2025\/08\/753d6c7b-bcf1-41cd-9fcf-100c223d4cfd-300x300.jpg",300,300,true],"medium_large":["https:\/\/tropicalbaylivefishrd.com\/wp-content\/uploads\/2025\/08\/753d6c7b-bcf1-41cd-9fcf-100c223d4cfd-768x768.jpg",768,768,true],"large":["https:\/\/tropicalbaylivefishrd.com\/wp-content\/uploads\/2025\/08\/753d6c7b-bcf1-41cd-9fcf-100c223d4cfd-1024x1024.jpg",1024,1024,true],"1536x1536":["https:\/\/tropicalbaylivefishrd.com\/wp-content\/uploads\/2025\/08\/753d6c7b-bcf1-41cd-9fcf-100c223d4cfd.jpg",1041,1041,false],"2048x2048":["https:\/\/tropicalbaylivefishrd.com\/wp-content\/uploads\/2025\/08\/753d6c7b-bcf1-41cd-9fcf-100c223d4cfd.jpg",1041,1041,false],"trp-custom-language-flag":["https:\/\/tropicalbaylivefishrd.com\/wp-content\/uploads\/2025\/08\/753d6c7b-bcf1-41cd-9fcf-100c223d4cfd.jpg",12,12,false],"woocommerce_thumbnail":["https:\/\/tropicalbaylivefishrd.com\/wp-content\/uploads\/2025\/08\/753d6c7b-bcf1-41cd-9fcf-100c223d4cfd-300x300.jpg",300,300,true],"woocommerce_single":["https:\/\/tropicalbaylivefishrd.com\/wp-content\/uploads\/2025\/08\/753d6c7b-bcf1-41cd-9fcf-100c223d4cfd-600x600.jpg",600,600,true],"woocommerce_gallery_thumbnail":["https:\/\/tropicalbaylivefishrd.com\/wp-content\/uploads\/2025\/08\/753d6c7b-bcf1-41cd-9fcf-100c223d4cfd-100x100.jpg",100,100,true]},"uagb_author_info":{"display_name":"Manuel Nunez","author_link":"https:\/\/tropicalbaylivefishrd.com\/es\/author\/"},"uagb_comment_info":0,"uagb_excerpt":"Pez peque\u00f1o de cuerpo alargado con rayas horizontales naranjas y un color de fondo que var\u00eda entre rosa y azul p\u00e1lido.","_links":{"self":[{"href":"https:\/\/tropicalbaylivefishrd.com\/es\/wp-json\/wp\/v2\/product\/2026","targetHints":{"allow":["GET"]}}],"collection":[{"href":"https:\/\/tropicalbaylivefishrd.com\/es\/wp-json\/wp\/v2\/product"}],"about":[{"href":"https:\/\/tropicalbaylivefishrd.com\/es\/wp-json\/wp\/v2\/types\/product"}],"replies":[{"embeddable":true,"href":"https:\/\/tropicalbaylivefishrd.com\/es\/wp-json\/wp\/v2\/comments?post=2026"}],"version-history":[{"count":0,"href":"https:\/\/tropicalbaylivefishrd.com\/es\/wp-json\/wp\/v2\/product\/2026\/revisions"}],"wp:featuredmedia":[{"embeddable":true,"href":"https:\/\/tropicalbaylivefishrd.com\/es\/wp-json\/wp\/v2\/media\/2027"}],"wp:attachment":[{"href":"https:\/\/tropicalbaylivefishrd.com\/es\/wp-json\/wp\/v2\/media?parent=2026"}],"wp:term":[{"taxonomy":"product_brand","embeddable":true,"href":"https:\/\/tropicalbaylivefishrd.com\/es\/wp-json\/wp\/v2\/product_brand?post=2026"},{"taxonomy":"product_cat","embeddable":true,"href":"https:\/\/tropicalbaylivefishrd.com\/es\/wp-json\/wp\/v2\/product_cat?post=2026"},{"taxonomy":"product_tag","embeddable":true,"href":"https:\/\/tropicalbaylivefishrd.com\/es\/wp-json\/wp\/v2\/product_tag?post=2026"}],"curies":[{"name":"wp","href":"https:\/\/api.w.org\/{rel}","templated":true}]}}