{"id":2042,"date":"2025-08-11T02:05:25","date_gmt":"2025-08-11T00:05:25","guid":{"rendered":"https:\/\/tropicalbaylivefishrd.com\/?post_type=product&#038;p=2042"},"modified":"2025-09-27T21:27:39","modified_gmt":"2025-09-27T19:27:39","slug":"damisela-joya-jewel-damsel","status":"publish","type":"product","link":"https:\/\/tropicalbaylivefishrd.com\/es\/producto\/damisela-joya-jewel-damsel\/","title":{"rendered":"Damisela Joya (Jewel Damsel)"},"content":{"rendered":"\n<p>La damisela joya, o <strong><em>Microspathodon chrysurus<\/em><\/strong>, es un pez de la familia Pomacentridae. Su historia se remonta a las expediciones de los naturalistas del siglo XIX, quienes documentaron la fauna marina del Caribe. Su descubrimiento y descripci\u00f3n contribuyeron a la taxonom\u00eda de los peces de arrecife y a la comprensi\u00f3n de la diversidad de esta familia.<\/p>\n","protected":false},"excerpt":{"rendered":"<p>Pez de color azul oscuro con puntos azules iridiscentes, y una cola distintivamente blanca.<\/p>\n","protected":false},"featured_media":2043,"comment_status":"open","ping_status":"closed","template":"","meta":{"_uag_custom_page_level_css":"","site-sidebar-layout":"default","site-content-layout":"","ast-site-content-layout":"default","site-content-style":"default","site-sidebar-style":"default","ast-global-header-display":"","ast-banner-title-visibility":"","ast-main-header-display":"","ast-hfb-above-header-display":"","ast-hfb-below-header-display":"","ast-hfb-mobile-header-display":"","site-post-title":"","ast-breadcrumbs-content":"","ast-featured-img":"","footer-sml-layout":"","theme-transparent-header-meta":"","adv-header-id-meta":"","stick-header-meta":"","header-above-stick-meta":"","header-main-stick-meta":"","header-below-stick-meta":"","astra-migrate-meta-layouts":"default","ast-page-background-enabled":"default","ast-page-background-meta":{"desktop":{"background-color":"var(--ast-global-color-4)","background-image":"","background-repeat":"repeat","background-position":"center center","background-size":"auto","background-attachment":"scroll","background-type":"","background-media":"","overlay-type":"","overlay-color":"","overlay-opacity":"","overlay-gradient":""},"tablet":{"background-color":"","background-image":"","background-repeat":"repeat","background-position":"center center","background-size":"auto","background-attachment":"scroll","background-type":"","background-media":"","overlay-type":"","overlay-color":"","overlay-opacity":"","overlay-gradient":""},"mobile":{"background-color":"","background-image":"","background-repeat":"repeat","background-position":"center center","background-size":"auto","background-attachment":"scroll","background-type":"","background-media":"","overlay-type":"","overlay-color":"","overlay-opacity":"","overlay-gradient":""}},"ast-content-background-meta":{"desktop":{"background-color":"var(--ast-global-color-5)","background-image":"","background-repeat":"repeat","background-position":"center center","background-size":"auto","background-attachment":"scroll","background-type":"","background-media":"","overlay-type":"","overlay-color":"","overlay-opacity":"","overlay-gradient":""},"tablet":{"background-color":"var(--ast-global-color-5)","background-image":"","background-repeat":"repeat","background-position":"center center","background-size":"auto","background-attachment":"scroll","background-type":"","background-media":"","overlay-type":"","overlay-color":"","overlay-opacity":"","overlay-gradient":""},"mobile":{"background-color":"var(--ast-global-color-5)","background-image":"","background-repeat":"repeat","background-position":"center center","background-size":"auto","background-attachment":"scroll","background-type":"","background-media":"","overlay-type":"","overlay-color":"","overlay-opacity":"","overlay-gradient":""}}},"product_brand":[],"product_cat":[21],"product_tag":[],"class_list":{"0":"post-2042","1":"product","2":"type-product","3":"status-publish","4":"has-post-thumbnail","6":"product_cat-invertebrates","7":"desktop-align-left","8":"tablet-align-left","9":"mobile-align-left","11":"first","12":"instock","13":"shipping-taxable","14":"product-type-simple"},"uagb_featured_image_src":{"full":["https:\/\/tropicalbaylivefishrd.com\/wp-content\/uploads\/2025\/08\/3833901c-6d70-4e69-b454-5c96ba1201dd.jpg",600,600,false],"thumbnail":["https:\/\/tropicalbaylivefishrd.com\/wp-content\/uploads\/2025\/08\/3833901c-6d70-4e69-b454-5c96ba1201dd-150x150.jpg",150,150,true],"medium":["https:\/\/tropicalbaylivefishrd.com\/wp-content\/uploads\/2025\/08\/3833901c-6d70-4e69-b454-5c96ba1201dd-300x300.jpg",300,300,true],"medium_large":["https:\/\/tropicalbaylivefishrd.com\/wp-content\/uploads\/2025\/08\/3833901c-6d70-4e69-b454-5c96ba1201dd.jpg",600,600,false],"large":["https:\/\/tropicalbaylivefishrd.com\/wp-content\/uploads\/2025\/08\/3833901c-6d70-4e69-b454-5c96ba1201dd.jpg",600,600,false],"1536x1536":["https:\/\/tropicalbaylivefishrd.com\/wp-content\/uploads\/2025\/08\/3833901c-6d70-4e69-b454-5c96ba1201dd.jpg",600,600,false],"2048x2048":["https:\/\/tropicalbaylivefishrd.com\/wp-content\/uploads\/2025\/08\/3833901c-6d70-4e69-b454-5c96ba1201dd.jpg",600,600,false],"trp-custom-language-flag":["https:\/\/tropicalbaylivefishrd.com\/wp-content\/uploads\/2025\/08\/3833901c-6d70-4e69-b454-5c96ba1201dd.jpg",12,12,false],"woocommerce_thumbnail":["https:\/\/tropicalbaylivefishrd.com\/wp-content\/uploads\/2025\/08\/3833901c-6d70-4e69-b454-5c96ba1201dd-300x300.jpg",300,300,true],"woocommerce_single":["https:\/\/tropicalbaylivefishrd.com\/wp-content\/uploads\/2025\/08\/3833901c-6d70-4e69-b454-5c96ba1201dd.jpg",600,600,false],"woocommerce_gallery_thumbnail":["https:\/\/tropicalbaylivefishrd.com\/wp-content\/uploads\/2025\/08\/3833901c-6d70-4e69-b454-5c96ba1201dd-100x100.jpg",100,100,true]},"uagb_author_info":{"display_name":"Manuel Nunez","author_link":"https:\/\/tropicalbaylivefishrd.com\/es\/author\/"},"uagb_comment_info":1,"uagb_excerpt":"Pez de color azul oscuro con puntos azules iridiscentes, y una cola distintivamente blanca.","_links":{"self":[{"href":"https:\/\/tropicalbaylivefishrd.com\/es\/wp-json\/wp\/v2\/product\/2042","targetHints":{"allow":["GET"]}}],"collection":[{"href":"https:\/\/tropicalbaylivefishrd.com\/es\/wp-json\/wp\/v2\/product"}],"about":[{"href":"https:\/\/tropicalbaylivefishrd.com\/es\/wp-json\/wp\/v2\/types\/product"}],"replies":[{"embeddable":true,"href":"https:\/\/tropicalbaylivefishrd.com\/es\/wp-json\/wp\/v2\/comments?post=2042"}],"version-history":[{"count":0,"href":"https:\/\/tropicalbaylivefishrd.com\/es\/wp-json\/wp\/v2\/product\/2042\/revisions"}],"wp:featuredmedia":[{"embeddable":true,"href":"https:\/\/tropicalbaylivefishrd.com\/es\/wp-json\/wp\/v2\/media\/2043"}],"wp:attachment":[{"href":"https:\/\/tropicalbaylivefishrd.com\/es\/wp-json\/wp\/v2\/media?parent=2042"}],"wp:term":[{"taxonomy":"product_brand","embeddable":true,"href":"https:\/\/tropicalbaylivefishrd.com\/es\/wp-json\/wp\/v2\/product_brand?post=2042"},{"taxonomy":"product_cat","embeddable":true,"href":"https:\/\/tropicalbaylivefishrd.com\/es\/wp-json\/wp\/v2\/product_cat?post=2042"},{"taxonomy":"product_tag","embeddable":true,"href":"https:\/\/tropicalbaylivefishrd.com\/es\/wp-json\/wp\/v2\/product_tag?post=2042"}],"curies":[{"name":"wp","href":"https:\/\/api.w.org\/{rel}","templated":true}]}}